{"id":791,"date":"2023-11-30T15:04:48","date_gmt":"2023-11-30T15:04:48","guid":{"rendered":"https:\/\/bioone-eco.com\/?page_id=791"},"modified":"2023-11-30T15:20:32","modified_gmt":"2023-11-30T15:20:32","slug":"centro-legal","status":"publish","type":"page","link":"https:\/\/bioone-eco.com\/en\/centro-legal\/","title":{"rendered":"Centro legal"},"content":{"rendered":"\t\t<div data-elementor-type=\"wp-page\" data-elementor-id=\"791\" class=\"elementor elementor-791\" data-elementor-post-type=\"page\">\n\t\t\t\t<div class=\"elementor-element elementor-element-38c83dce e-flex e-con-boxed e-con e-parent\" data-id=\"38c83dce\" data-element_type=\"container\" data-e-type=\"container\">\n\t\t\t\t\t<div class=\"e-con-inner\">\n\t\t<div class=\"elementor-element elementor-element-62c53108 e-con-full e-flex e-con e-child\" data-id=\"62c53108\" data-element_type=\"container\" data-e-type=\"container\">\n\t\t\t\t<div class=\"elementor-element elementor-element-d9c807d elementor-widget elementor-widget-heading\" data-id=\"d9c807d\" data-element_type=\"widget\" data-e-type=\"widget\" data-widget_type=\"heading.default\">\n\t\t\t\t<div class=\"elementor-widget-container\">\n\t\t\t\t\t<h2 class=\"elementor-heading-title elementor-size-default\">Centro Legal<\/h2>\t\t\t\t<\/div>\n\t\t\t\t<\/div>\n\t\t\t\t<div class=\"elementor-element elementor-element-6e746ffc elementor-widget elementor-widget-text-editor\" data-id=\"6e746ffc\" data-element_type=\"widget\" data-e-type=\"widget\" data-widget_type=\"text-editor.default\">\n\t\t\t\t<div class=\"elementor-widget-container\">\n\t\t\t\t\t\t\t\t\t<p>Este es nuestro centro legal. Consulta nuestros documentos legales, gestiona tu consentimiento y ejerce tus derechos de privacidad. Para cualquier pregunta espec\u00edfica, tenga en cuenta las posibilidades de comunicaci\u00f3n que se indican en el documento espec\u00edfico.<\/p>\t\t\t\t\t\t\t\t<\/div>\n\t\t\t\t<\/div>\n\t\t\t\t<\/div>\n\t\t\t\t\t<\/div>\n\t\t\t\t<\/div>\n\t\t<div class=\"elementor-element elementor-element-1c5dfbc0 e-grid e-con-boxed e-con e-parent\" data-id=\"1c5dfbc0\" data-element_type=\"container\" data-e-type=\"container\">\n\t\t\t\t\t<div class=\"e-con-inner\">\n\t\t<div class=\"elementor-element elementor-element-592680b2 e-con-full e-flex e-con e-child\" data-id=\"592680b2\" data-element_type=\"container\" data-e-type=\"container\" data-settings=\"{&quot;background_background&quot;:&quot;classic&quot;}\">\n\t\t\t\t<div class=\"elementor-element elementor-element-37fe714a elementor-widget elementor-widget-heading\" data-id=\"37fe714a\" data-element_type=\"widget\" data-e-type=\"widget\" data-widget_type=\"heading.default\">\n\t\t\t\t<div class=\"elementor-widget-container\">\n\t\t\t\t\t<h3 class=\"elementor-heading-title elementor-size-default\">Pol\u00edtica de cookies<\/h3>\t\t\t\t<\/div>\n\t\t\t\t<\/div>\n\t\t\t\t<div class=\"elementor-element elementor-element-2a7ddc13 elementor-widget elementor-widget-text-editor\" data-id=\"2a7ddc13\" data-element_type=\"widget\" data-e-type=\"widget\" data-widget_type=\"text-editor.default\">\n\t\t\t\t<div class=\"elementor-widget-container\">\n\t\t\t\t\t\t\t\t\t<p>Leer m\u00e1s sobre las cookies que utilizamos y gestionar tu consentimiento.<\/p>\t\t\t\t\t\t\t\t<\/div>\n\t\t\t\t<\/div>\n\t\t\t\t<div class=\"elementor-element elementor-element-246c32ee elementor-widget elementor-widget-button\" data-id=\"246c32ee\" data-element_type=\"widget\" data-e-type=\"widget\" data-widget_type=\"button.default\">\n\t\t\t\t<div class=\"elementor-widget-container\">\n\t\t\t\t\t\t\t\t\t<div class=\"elementor-button-wrapper\">\n\t\t\t\t\t<a class=\"elementor-button elementor-button-link elementor-size-xs\" href=\"https:\/\/bioone-eco.com\/politica-de-cookies-ue\/\">\n\t\t\t\t\t\t<span class=\"elementor-button-content-wrapper\">\n\t\t\t\t\t\t\t\t\t<span class=\"elementor-button-text\">Leer m\u00e1s<\/span>\n\t\t\t\t\t<\/span>\n\t\t\t\t\t<\/a>\n\t\t\t\t<\/div>\n\t\t\t\t\t\t\t\t<\/div>\n\t\t\t\t<\/div>\n\t\t\t\t<\/div>\n\t\t<div class=\"elementor-element elementor-element-4104e4e6 e-con-full e-flex e-con e-child\" data-id=\"4104e4e6\" data-element_type=\"container\" data-e-type=\"container\" data-settings=\"{&quot;background_background&quot;:&quot;classic&quot;}\">\n\t\t\t\t<div class=\"elementor-element elementor-element-63b5a8ef elementor-widget elementor-widget-heading\" data-id=\"63b5a8ef\" data-element_type=\"widget\" data-e-type=\"widget\" data-widget_type=\"heading.default\">\n\t\t\t\t<div class=\"elementor-widget-container\">\n\t\t\t\t\t<h3 class=\"elementor-heading-title elementor-size-default\">Pol\u00edtica de privacidad<\/h3>\t\t\t\t<\/div>\n\t\t\t\t<\/div>\n\t\t\t\t<div class=\"elementor-element elementor-element-4abaec35 elementor-widget elementor-widget-text-editor\" data-id=\"4abaec35\" data-element_type=\"widget\" data-e-type=\"widget\" data-widget_type=\"text-editor.default\">\n\t\t\t\t<div class=\"elementor-widget-container\">\n\t\t\t\t\t\t\t\t\t<p>Obtenga m\u00e1s informaci\u00f3n sobre c\u00f3mo procesamos, almacenamos y compartimos sus datos.<\/p>\t\t\t\t\t\t\t\t<\/div>\n\t\t\t\t<\/div>\n\t\t\t\t<div class=\"elementor-element elementor-element-49ede9b3 elementor-widget elementor-widget-button\" data-id=\"49ede9b3\" data-element_type=\"widget\" data-e-type=\"widget\" data-widget_type=\"button.default\">\n\t\t\t\t<div class=\"elementor-widget-container\">\n\t\t\t\t\t\t\t\t\t<div class=\"elementor-button-wrapper\">\n\t\t\t\t\t<a class=\"elementor-button elementor-button-link elementor-size-xs\" href=\"https:\/\/bioone-eco.com\/politica-de-privacidad-del-sitio-web\/\">\n\t\t\t\t\t\t<span class=\"elementor-button-content-wrapper\">\n\t\t\t\t\t\t\t\t\t<span class=\"elementor-button-text\">Leer m\u00e1s<\/span>\n\t\t\t\t\t<\/span>\n\t\t\t\t\t<\/a>\n\t\t\t\t<\/div>\n\t\t\t\t\t\t\t\t<\/div>\n\t\t\t\t<\/div>\n\t\t\t\t<\/div>\n\t\t<div class=\"elementor-element elementor-element-6fece5db e-con-full e-flex e-con e-child\" data-id=\"6fece5db\" data-element_type=\"container\" data-e-type=\"container\" data-settings=\"{&quot;background_background&quot;:&quot;classic&quot;}\">\n\t\t\t\t<div class=\"elementor-element elementor-element-3dddc7ed elementor-widget elementor-widget-heading\" data-id=\"3dddc7ed\" data-element_type=\"widget\" data-e-type=\"widget\" data-widget_type=\"heading.default\">\n\t\t\t\t<div class=\"elementor-widget-container\">\n\t\t\t\t\t<h3 class=\"elementor-heading-title elementor-size-default\">Aviso legal<\/h3>\t\t\t\t<\/div>\n\t\t\t\t<\/div>\n\t\t\t\t<div class=\"elementor-element elementor-element-fbae8ab elementor-widget elementor-widget-text-editor\" data-id=\"fbae8ab\" data-element_type=\"widget\" data-e-type=\"widget\" data-widget_type=\"text-editor.default\">\n\t\t\t\t<div class=\"elementor-widget-container\">\n\t\t\t\t\t\t\t\t\t<p>Aqu\u00ed encontrar\u00e1s informaci\u00f3n importante sobre el uso de nuestro sitio web y los servicios que ofrecemos.<\/p>\t\t\t\t\t\t\t\t<\/div>\n\t\t\t\t<\/div>\n\t\t\t\t<div class=\"elementor-element elementor-element-65a4eebe elementor-widget elementor-widget-button\" data-id=\"65a4eebe\" data-element_type=\"widget\" data-e-type=\"widget\" data-widget_type=\"button.default\">\n\t\t\t\t<div class=\"elementor-widget-container\">\n\t\t\t\t\t\t\t\t\t<div class=\"elementor-button-wrapper\">\n\t\t\t\t\t<a class=\"elementor-button elementor-button-link elementor-size-xs\" href=\"https:\/\/bioone-eco.com\/aviso-legal-y-condiciones-generales-de-uso\/\">\n\t\t\t\t\t\t<span class=\"elementor-button-content-wrapper\">\n\t\t\t\t\t\t\t\t\t<span class=\"elementor-button-text\">Leer m\u00e1s<\/span>\n\t\t\t\t\t<\/span>\n\t\t\t\t\t<\/a>\n\t\t\t\t<\/div>\n\t\t\t\t\t\t\t\t<\/div>\n\t\t\t\t<\/div>\n\t\t\t\t<\/div>\n\t\t<div class=\"elementor-element elementor-element-508bac31 e-con-full e-flex e-con e-child\" data-id=\"508bac31\" data-element_type=\"container\" data-e-type=\"container\" data-settings=\"{&quot;background_background&quot;:&quot;classic&quot;}\">\n\t\t\t\t<div class=\"elementor-element elementor-element-36baf80e elementor-widget elementor-widget-heading\" data-id=\"36baf80e\" data-element_type=\"widget\" data-e-type=\"widget\" data-widget_type=\"heading.default\">\n\t\t\t\t<div class=\"elementor-widget-container\">\n\t\t\t\t\t<h3 class=\"elementor-heading-title elementor-size-default\">T\u00e9rminos y condiciones<\/h3>\t\t\t\t<\/div>\n\t\t\t\t<\/div>\n\t\t\t\t<div class=\"elementor-element elementor-element-2805f4aa elementor-widget elementor-widget-text-editor\" data-id=\"2805f4aa\" data-element_type=\"widget\" data-e-type=\"widget\" data-widget_type=\"text-editor.default\">\n\t\t\t\t<div class=\"elementor-widget-container\">\n\t\t\t\t\t\t\t\t\t<p>Estos son nuestros t\u00e9rminos y condiciones durante el uso de nuestro sitio web y productos y servicios relacionados.<\/p>\t\t\t\t\t\t\t\t<\/div>\n\t\t\t\t<\/div>\n\t\t\t\t<div class=\"elementor-element elementor-element-1062c0a8 elementor-widget elementor-widget-button\" data-id=\"1062c0a8\" data-element_type=\"widget\" data-e-type=\"widget\" data-widget_type=\"button.default\">\n\t\t\t\t<div class=\"elementor-widget-container\">\n\t\t\t\t\t\t\t\t\t<div class=\"elementor-button-wrapper\">\n\t\t\t\t\t<a class=\"elementor-button elementor-button-link elementor-size-xs\" href=\"https:\/\/bioone-eco.com\/terminos-y-condiciones\/\">\n\t\t\t\t\t\t<span class=\"elementor-button-content-wrapper\">\n\t\t\t\t\t\t\t\t\t<span class=\"elementor-button-text\">Leer m\u00e1s<\/span>\n\t\t\t\t\t<\/span>\n\t\t\t\t\t<\/a>\n\t\t\t\t<\/div>\n\t\t\t\t\t\t\t\t<\/div>\n\t\t\t\t<\/div>\n\t\t\t\t<\/div>\n\t\t\t\t\t<\/div>\n\t\t\t\t<\/div>\n\t\t<div class=\"elementor-element elementor-element-6b97605f e-flex e-con-boxed e-con e-parent\" data-id=\"6b97605f\" data-element_type=\"container\" data-e-type=\"container\">\n\t\t\t\t\t<div class=\"e-con-inner\">\n\t\t<div class=\"elementor-element elementor-element-3cb06642 e-con-full e-flex e-con e-child\" data-id=\"3cb06642\" data-element_type=\"container\" data-e-type=\"container\">\n\t\t\t\t<div class=\"elementor-element elementor-element-6476f18 elementor-widget elementor-widget-heading\" data-id=\"6476f18\" data-element_type=\"widget\" data-e-type=\"widget\" data-widget_type=\"heading.default\">\n\t\t\t\t<div class=\"elementor-widget-container\">\n\t\t\t\t\t<h2 class=\"elementor-heading-title elementor-size-default\">Administrador de Consentimiento<\/h2>\t\t\t\t<\/div>\n\t\t\t\t<\/div>\n\t\t\t\t<div class=\"elementor-element elementor-element-151f78c5 elementor-widget elementor-widget-text-editor\" data-id=\"151f78c5\" data-element_type=\"widget\" data-e-type=\"widget\" data-widget_type=\"text-editor.default\">\n\t\t\t\t<div class=\"elementor-widget-container\">\n\t\t\t\t\t\t\t\t\t<p>A continuaci\u00f3n puede gestionar su consentimiento. Para obtener m\u00e1s informaci\u00f3n, puede leer m\u00e1s sobre la pol\u00edtica de cookies de su regi\u00f3n. Rellene el formulario para ejercer sus derechos de privacidad o hacer una pregunta.<\/p>\t\t\t\t\t\t\t\t<\/div>\n\t\t\t\t<\/div>\n\t\t\t\t<\/div>\n\t\t\t\t\t<\/div>\n\t\t\t\t<\/div>\n\t\t<div class=\"elementor-element elementor-element-666dd485 e-flex e-con-boxed e-con e-parent\" data-id=\"666dd485\" data-element_type=\"container\" data-e-type=\"container\" data-settings=\"{&quot;background_background&quot;:&quot;classic&quot;}\">\n\t\t\t\t\t<div class=\"e-con-inner\">\n\t\t<div class=\"elementor-element elementor-element-388c8c01 e-con-full e-flex e-con e-child\" data-id=\"388c8c01\" data-element_type=\"container\" data-e-type=\"container\" data-settings=\"{&quot;background_background&quot;:&quot;classic&quot;}\">\n\t\t\t\t<div class=\"elementor-element elementor-element-742bbde3 elementor-widget elementor-widget-shortcode\" data-id=\"742bbde3\" data-element_type=\"widget\" data-e-type=\"widget\" data-widget_type=\"shortcode.default\">\n\t\t\t\t<div class=\"elementor-widget-container\">\n\t\t\t\t\t\t\t<div class=\"elementor-shortcode\"><div id=\"cmplz-manage-consent-container-nojavascript\">You have loaded the Cookie Policy without javascript support.&nbsp;On AMP, you can use the manage consent button on the bottom of the page.<\/div><div id=\"cmplz-manage-consent-container\" name=\"cmplz-manage-consent-container\" class=\"cmplz-manage-consent-container\"><\/div><\/div>\n\t\t\t\t\t\t<\/div>\n\t\t\t\t<\/div>\n\t\t\t\t<div class=\"elementor-element elementor-element-4b3182d7 elementor-widget elementor-widget-text-editor\" data-id=\"4b3182d7\" data-element_type=\"widget\" data-e-type=\"widget\" data-widget_type=\"text-editor.default\">\n\t\t\t\t<div class=\"elementor-widget-container\">\n\t\t\t\t\t\t\t\t\t<p>Lea sobre la eliminaci\u00f3n de cookies en su navegador y la mejora de la privacidad.<\/p>\t\t\t\t\t\t\t\t<\/div>\n\t\t\t\t<\/div>\n\t\t\t\t<div class=\"elementor-element elementor-element-4c80e00e elementor-widget elementor-widget-button\" data-id=\"4c80e00e\" data-element_type=\"widget\" data-e-type=\"widget\" data-widget_type=\"button.default\">\n\t\t\t\t<div class=\"elementor-widget-container\">\n\t\t\t\t\t\t\t\t\t<div class=\"elementor-button-wrapper\">\n\t\t\t\t\t<a class=\"elementor-button elementor-button-link elementor-size-xs\" href=\"https:\/\/complianz.io\/privacy-in-your-browser\/\">\n\t\t\t\t\t\t<span class=\"elementor-button-content-wrapper\">\n\t\t\t\t\t\t\t\t\t<span class=\"elementor-button-text\">Leer m\u00e1s<\/span>\n\t\t\t\t\t<\/span>\n\t\t\t\t\t<\/a>\n\t\t\t\t<\/div>\n\t\t\t\t\t\t\t\t<\/div>\n\t\t\t\t<\/div>\n\t\t\t\t<\/div>\n\t\t<div class=\"elementor-element elementor-element-53136e8b e-con-full e-flex e-con e-child\" data-id=\"53136e8b\" data-element_type=\"container\" data-e-type=\"container\" data-settings=\"{&quot;background_background&quot;:&quot;classic&quot;}\">\n\t\t\t\t<div class=\"elementor-element elementor-element-7b459805 elementor-button-align-start elementor-widget elementor-widget-form\" data-id=\"7b459805\" data-element_type=\"widget\" data-e-type=\"widget\" data-settings=\"{&quot;step_next_label&quot;:&quot;Next&quot;,&quot;step_previous_label&quot;:&quot;Previous&quot;,&quot;step_type&quot;:&quot;progress_bar&quot;,&quot;button_width&quot;:&quot;100&quot;}\" data-widget_type=\"form.default\">\n\t\t\t\t<div class=\"elementor-widget-container\">\n\t\t\t\t\t\t\t<form class=\"elementor-form\" method=\"post\" id=\"cmplz_form\" name=\"Form by Complianz\" aria-label=\"Form by Complianz\">\n\t\t\t<input type=\"hidden\" name=\"post_id\" value=\"791\"\/>\n\t\t\t<input type=\"hidden\" name=\"form_id\" value=\"7b459805\"\/>\n\t\t\t<input type=\"hidden\" name=\"referer_title\" value=\"Centro legal - BioOne\" \/>\n\n\t\t\t\t\t\t\t<input type=\"hidden\" name=\"queried_id\" value=\"791\"\/>\n\t\t\t\n\t\t\t<div class=\"elementor-form-fields-wrapper elementor-labels-above\">\n\t\t\t\t\t\t\t\t<div class=\"elementor-field-type-text elementor-field-group elementor-column elementor-field-group-name elementor-col-50\">\n\t\t\t\t\t\t\t\t\t\t\t\t<label for=\"form-field-name\" class=\"elementor-field-label\">\n\t\t\t\t\t\t\t\tNombre completo\t\t\t\t\t\t\t<\/label>\n\t\t\t\t\t\t\t\t\t\t\t\t\t\t<input size=\"1\" type=\"text\" name=\"form_fields[name]\" id=\"form-field-name\" class=\"elementor-field elementor-size-sm  elementor-field-textual\" placeholder=\"Juan P\u00e9rez\">\n\t\t\t\t\t\t\t\t\t\t\t<\/div>\n\t\t\t\t\t\t\t\t<div class=\"elementor-field-type-email elementor-field-group elementor-column elementor-field-group-email elementor-col-50 elementor-field-required elementor-mark-required\">\n\t\t\t\t\t\t\t\t\t\t\t\t<label for=\"form-field-email\" class=\"elementor-field-label\">\n\t\t\t\t\t\t\t\tEmail\t\t\t\t\t\t\t<\/label>\n\t\t\t\t\t\t\t\t\t\t\t\t\t\t<input size=\"1\" type=\"email\" name=\"form_fields[email]\" id=\"form-field-email\" class=\"elementor-field elementor-size-sm  elementor-field-textual\" placeholder=\"Email\" required=\"required\">\n\t\t\t\t\t\t\t\t\t\t\t<\/div>\n\t\t\t\t\t\t\t\t<div class=\"elementor-field-type-select elementor-field-group elementor-column elementor-field-group-field_82611b8 elementor-col-100 elementor-field-required elementor-mark-required\">\n\t\t\t\t\t\t\t\t\t\t\t\t<label for=\"form-field-field_82611b8\" class=\"elementor-field-label\">\n\t\t\t\t\t\t\t\tEjercer sus Derechos\t\t\t\t\t\t\t<\/label>\n\t\t\t\t\t\t\t\t<div class=\"elementor-field elementor-select-wrapper remove-before \">\n\t\t\t<div class=\"select-caret-down-wrapper\">\n\t\t\t\t<i aria-hidden=\"true\" class=\"eicon-caret-down\"><\/i>\t\t\t<\/div>\n\t\t\t<select name=\"form_fields[field_82611b8]\" id=\"form-field-field_82611b8\" class=\"elementor-field-textual elementor-size-sm\" required=\"required\">\n\t\t\t\t\t\t\t\t\t<option value=\"1. Derecho al olvido - Eliminar sus datos (art. 17 - RGPD)\">1. Derecho al olvido - Eliminar sus datos (art. 17 - RGPD)<\/option>\n\t\t\t\t\t\t\t\t\t<option value=\"2. Derecho a la portabilidad de los datos - Solicitar sus datos (art. 20 - RGPD)\">2. Derecho a la portabilidad de los datos - Solicitar sus datos (art. 20 - RGPD)<\/option>\n\t\t\t\t\t\t\t\t\t<option value=\"3. Derecho de rectificaci\u00f3n - Rectificar sus datos (art. 16 - RGPD)\">3. Derecho de rectificaci\u00f3n - Rectificar sus datos (art. 16 - RGPD)<\/option>\n\t\t\t\t\t\t\t\t\t<option value=\"4. Derecho de Acceso - Solicitud para ver si los datos est\u00e1n siendo procesados (art. 15 - RGPD)\">4. Derecho de Acceso - Solicitud para ver si los datos est\u00e1n siendo procesados (art. 15 - RGPD)<\/option>\n\t\t\t\t\t\t\t\t\t<option value=\"5. Objeci\u00f3n a compartir datos - CCPA\">5. Objeci\u00f3n a compartir datos - CCPA<\/option>\n\t\t\t\t\t\t\t\t\t<option value=\"6. Otras cuestiones relativas a la privacidad\">6. Otras cuestiones relativas a la privacidad<\/option>\n\t\t\t\t\t\t\t<\/select>\n\t\t<\/div>\n\t\t\t\t\t\t<\/div>\n\t\t\t\t\t\t\t\t<div class=\"elementor-field-type-textarea elementor-field-group elementor-column elementor-field-group-field_6bfc24e elementor-col-100\">\n\t\t\t\t\t\t\t\t\t\t\t\t<label for=\"form-field-field_6bfc24e\" class=\"elementor-field-label\">\n\t\t\t\t\t\t\t\tMensaje\t\t\t\t\t\t\t<\/label>\n\t\t\t\t\t\t<textarea class=\"elementor-field-textual elementor-field  elementor-size-sm\" name=\"form_fields[field_6bfc24e]\" id=\"form-field-field_6bfc24e\" rows=\"4\" placeholder=\"Preguntas sobre privacidad.\"><\/textarea>\t\t\t\t<\/div>\n\t\t\t\t\t\t\t\t<div class=\"elementor-field-group elementor-column elementor-field-type-submit elementor-col-100 e-form__buttons\">\n\t\t\t\t\t<button class=\"elementor-button elementor-size-xs\" type=\"submit\">\n\t\t\t\t\t\t<span class=\"elementor-button-content-wrapper\">\n\t\t\t\t\t\t\t\t\t\t\t\t\t\t\t\t\t\t\t\t\t\t<span class=\"elementor-button-text\">Enviar<\/span>\n\t\t\t\t\t\t\t\t\t\t\t\t\t<\/span>\n\t\t\t\t\t<\/button>\n\t\t\t\t<\/div>\n\t\t\t<\/div>\n\t\t<\/form>\n\t\t\t\t\t\t<\/div>\n\t\t\t\t<\/div>\n\t\t\t\t<\/div>\n\t\t\t\t\t<\/div>\n\t\t\t\t<\/div>\n\t\t\t\t<\/div>\n\t\t","protected":false},"excerpt":{"rendered":"<p>Centro Legal Este es nuestro centro legal. Consulta nuestros documentos legales, gestiona tu consentimiento y ejerce tus derechos de privacidad. Para cualquier pregunta espec\u00edfica, tenga en cuenta las posibilidades de comunicaci\u00f3n que se indican en el documento espec\u00edfico. Pol\u00edtica de cookies Leer m\u00e1s sobre las cookies que utilizamos y gestionar tu consentimiento. Leer m\u00e1s Pol\u00edtica [&hellip;]<\/p>\n","protected":false},"author":1,"featured_media":0,"parent":0,"menu_order":0,"comment_status":"closed","ping_status":"closed","template":"","meta":{"_acf_changed":false,"footnotes":""},"class_list":["post-791","page","type-page","status-publish","hentry"],"acf":[],"yoast_head":"<!-- This site is optimized with the Yoast SEO plugin v25.0 - https:\/\/yoast.com\/wordpress\/plugins\/seo\/ -->\n<title>Centro legal - BioOne<\/title>\n<meta name=\"robots\" content=\"index, follow, max-snippet:-1, max-image-preview:large, max-video-preview:-1\" \/>\n<link rel=\"canonical\" href=\"https:\/\/bioone-eco.com\/en\/centro-legal\/\" \/>\n<meta property=\"og:locale\" content=\"en_GB\" \/>\n<meta property=\"og:type\" content=\"article\" \/>\n<meta property=\"og:title\" content=\"Centro legal - BioOne\" \/>\n<meta property=\"og:description\" content=\"Centro Legal Este es nuestro centro legal. Consulta nuestros documentos legales, gestiona tu consentimiento y ejerce tus derechos de privacidad. Para cualquier pregunta espec\u00edfica, tenga en cuenta las posibilidades de comunicaci\u00f3n que se indican en el documento espec\u00edfico. Pol\u00edtica de cookies Leer m\u00e1s sobre las cookies que utilizamos y gestionar tu consentimiento. Leer m\u00e1s Pol\u00edtica [&hellip;]\" \/>\n<meta property=\"og:url\" content=\"https:\/\/bioone-eco.com\/en\/centro-legal\/\" \/>\n<meta property=\"og:site_name\" content=\"BioOne\" \/>\n<meta property=\"article:modified_time\" content=\"2023-11-30T15:20:32+00:00\" \/>\n<meta name=\"twitter:card\" content=\"summary_large_image\" \/>\n<meta name=\"twitter:label1\" content=\"Estimated reading time\" \/>\n\t<meta name=\"twitter:data1\" content=\"1 minute\" \/>\n<script type=\"application\/ld+json\" class=\"yoast-schema-graph\">{\"@context\":\"https:\/\/schema.org\",\"@graph\":[{\"@type\":\"WebPage\",\"@id\":\"https:\/\/bioone-eco.com\/centro-legal\/\",\"url\":\"https:\/\/bioone-eco.com\/centro-legal\/\",\"name\":\"Centro legal - BioOne\",\"isPartOf\":{\"@id\":\"https:\/\/bioone-eco.com\/#website\"},\"datePublished\":\"2023-11-30T15:04:48+00:00\",\"dateModified\":\"2023-11-30T15:20:32+00:00\",\"breadcrumb\":{\"@id\":\"https:\/\/bioone-eco.com\/centro-legal\/#breadcrumb\"},\"inLanguage\":\"en-GB\",\"potentialAction\":[{\"@type\":\"ReadAction\",\"target\":[\"https:\/\/bioone-eco.com\/centro-legal\/\"]}]},{\"@type\":\"BreadcrumbList\",\"@id\":\"https:\/\/bioone-eco.com\/centro-legal\/#breadcrumb\",\"itemListElement\":[{\"@type\":\"ListItem\",\"position\":1,\"name\":\"Portada\",\"item\":\"https:\/\/bioone-eco.com\/\"},{\"@type\":\"ListItem\",\"position\":2,\"name\":\"Centro legal\"}]},{\"@type\":\"WebSite\",\"@id\":\"https:\/\/bioone-eco.com\/#website\",\"url\":\"https:\/\/bioone-eco.com\/\",\"name\":\"BioOne\",\"description\":\"Un Lavavajillas que cuida de ti y del medio ambiente\",\"publisher\":{\"@id\":\"https:\/\/bioone-eco.com\/#organization\"},\"potentialAction\":[{\"@type\":\"SearchAction\",\"target\":{\"@type\":\"EntryPoint\",\"urlTemplate\":\"https:\/\/bioone-eco.com\/?s={search_term_string}\"},\"query-input\":{\"@type\":\"PropertyValueSpecification\",\"valueRequired\":true,\"valueName\":\"search_term_string\"}}],\"inLanguage\":\"en-GB\"},{\"@type\":\"Organization\",\"@id\":\"https:\/\/bioone-eco.com\/#organization\",\"name\":\"BioOne\",\"url\":\"https:\/\/bioone-eco.com\/\",\"logo\":{\"@type\":\"ImageObject\",\"inLanguage\":\"en-GB\",\"@id\":\"https:\/\/bioone-eco.com\/#\/schema\/logo\/image\/\",\"url\":\"https:\/\/bioone-eco.com\/wp-content\/uploads\/2022\/05\/LOGO-CON-PALABRA-LAVAVAJILLAS.png\",\"contentUrl\":\"https:\/\/bioone-eco.com\/wp-content\/uploads\/2022\/05\/LOGO-CON-PALABRA-LAVAVAJILLAS.png\",\"width\":2833,\"height\":1024,\"caption\":\"BioOne\"},\"image\":{\"@id\":\"https:\/\/bioone-eco.com\/#\/schema\/logo\/image\/\"}}]}<\/script>\n<!-- \/ Yoast SEO plugin. -->","yoast_head_json":{"title":"Centro legal - BioOne","robots":{"index":"index","follow":"follow","max-snippet":"max-snippet:-1","max-image-preview":"max-image-preview:large","max-video-preview":"max-video-preview:-1"},"canonical":"https:\/\/bioone-eco.com\/en\/centro-legal\/","og_locale":"en_GB","og_type":"article","og_title":"Centro legal - BioOne","og_description":"Centro Legal Este es nuestro centro legal. Consulta nuestros documentos legales, gestiona tu consentimiento y ejerce tus derechos de privacidad. Para cualquier pregunta espec\u00edfica, tenga en cuenta las posibilidades de comunicaci\u00f3n que se indican en el documento espec\u00edfico. Pol\u00edtica de cookies Leer m\u00e1s sobre las cookies que utilizamos y gestionar tu consentimiento. Leer m\u00e1s Pol\u00edtica [&hellip;]","og_url":"https:\/\/bioone-eco.com\/en\/centro-legal\/","og_site_name":"BioOne","article_modified_time":"2023-11-30T15:20:32+00:00","twitter_card":"summary_large_image","twitter_misc":{"Estimated reading time":"1 minute"},"schema":{"@context":"https:\/\/schema.org","@graph":[{"@type":"WebPage","@id":"https:\/\/bioone-eco.com\/centro-legal\/","url":"https:\/\/bioone-eco.com\/centro-legal\/","name":"Centro legal - BioOne","isPartOf":{"@id":"https:\/\/bioone-eco.com\/#website"},"datePublished":"2023-11-30T15:04:48+00:00","dateModified":"2023-11-30T15:20:32+00:00","breadcrumb":{"@id":"https:\/\/bioone-eco.com\/centro-legal\/#breadcrumb"},"inLanguage":"en-GB","potentialAction":[{"@type":"ReadAction","target":["https:\/\/bioone-eco.com\/centro-legal\/"]}]},{"@type":"BreadcrumbList","@id":"https:\/\/bioone-eco.com\/centro-legal\/#breadcrumb","itemListElement":[{"@type":"ListItem","position":1,"name":"Portada","item":"https:\/\/bioone-eco.com\/"},{"@type":"ListItem","position":2,"name":"Centro legal"}]},{"@type":"WebSite","@id":"https:\/\/bioone-eco.com\/#website","url":"https:\/\/bioone-eco.com\/","name":"BioOne","description":"Un Lavavajillas que cuida de ti y del medio ambiente","publisher":{"@id":"https:\/\/bioone-eco.com\/#organization"},"potentialAction":[{"@type":"SearchAction","target":{"@type":"EntryPoint","urlTemplate":"https:\/\/bioone-eco.com\/?s={search_term_string}"},"query-input":{"@type":"PropertyValueSpecification","valueRequired":true,"valueName":"search_term_string"}}],"inLanguage":"en-GB"},{"@type":"Organization","@id":"https:\/\/bioone-eco.com\/#organization","name":"BioOne","url":"https:\/\/bioone-eco.com\/","logo":{"@type":"ImageObject","inLanguage":"en-GB","@id":"https:\/\/bioone-eco.com\/#\/schema\/logo\/image\/","url":"https:\/\/bioone-eco.com\/wp-content\/uploads\/2022\/05\/LOGO-CON-PALABRA-LAVAVAJILLAS.png","contentUrl":"https:\/\/bioone-eco.com\/wp-content\/uploads\/2022\/05\/LOGO-CON-PALABRA-LAVAVAJILLAS.png","width":2833,"height":1024,"caption":"BioOne"},"image":{"@id":"https:\/\/bioone-eco.com\/#\/schema\/logo\/image\/"}}]}},"_links":{"self":[{"href":"https:\/\/bioone-eco.com\/en\/wp-json\/wp\/v2\/pages\/791","targetHints":{"allow":["GET"]}}],"collection":[{"href":"https:\/\/bioone-eco.com\/en\/wp-json\/wp\/v2\/pages"}],"about":[{"href":"https:\/\/bioone-eco.com\/en\/wp-json\/wp\/v2\/types\/page"}],"author":[{"embeddable":true,"href":"https:\/\/bioone-eco.com\/en\/wp-json\/wp\/v2\/users\/1"}],"replies":[{"embeddable":true,"href":"https:\/\/bioone-eco.com\/en\/wp-json\/wp\/v2\/comments?post=791"}],"version-history":[{"count":0,"href":"https:\/\/bioone-eco.com\/en\/wp-json\/wp\/v2\/pages\/791\/revisions"}],"wp:attachment":[{"href":"https:\/\/bioone-eco.com\/en\/wp-json\/wp\/v2\/media?parent=791"}],"curies":[{"name":"wp","href":"https:\/\/api.w.org\/{rel}","templated":true}]}}