{"id":61,"date":"2023-05-11T11:41:14","date_gmt":"2023-05-11T11:41:14","guid":{"rendered":"https:\/\/bioone-eco.com\/?page_id=61"},"modified":"2023-12-01T11:36:20","modified_gmt":"2023-12-01T11:36:20","slug":"mi-cuenta","status":"publish","type":"page","link":"https:\/\/bioone-eco.com\/en\/mi-cuenta\/","title":{"rendered":"Mi cuenta"},"content":{"rendered":"<div data-elementor-type=\"wp-page\" data-elementor-id=\"61\" class=\"elementor elementor-61\" data-elementor-post-type=\"page\">\n\t\t\t\t<div class=\"elementor-element elementor-element-b7f55b7 e-flex e-con-boxed e-con e-parent\" data-id=\"b7f55b7\" data-element_type=\"container\" data-e-type=\"container\">\n\t\t\t\t\t<div class=\"e-con-inner\">\n\t\t\t\t<div class=\"elementor-element elementor-element-e7fd0e4 e-my-account-tabs-vertical elementor-widget elementor-widget-woocommerce-my-account\" data-id=\"e7fd0e4\" data-element_type=\"widget\" data-e-type=\"widget\" data-widget_type=\"woocommerce-my-account.default\">\n\t\t\t\t<div class=\"elementor-widget-container\">\n\t\t\t\t\t<div class=\"e-my-account-tab e-my-account-tab__\">\t\t\t<div class=\"woocommerce\"><\/div>\t\t<\/div>\n\t\t\t\t\t\t<\/div>\n\t\t\t\t<\/div>\n\t\t\t\t\t<\/div>\n\t\t\t\t<\/div>\n\t\t\t\t<\/div>","protected":false},"excerpt":{"rendered":"<p>Escritorio Pedidos Direcciones Detalles de la cuenta Cerrar sesi\u00f3n Hola BioOne (\u00bfno eres BioOne? Cerrar sesi\u00f3n) Desde el escritorio de tu cuenta puedes ver tus pedidos recientes, gestionar tus direcciones de env\u00edo y facturaci\u00f3n y editar tu contrase\u00f1a y los detalles de tu cuenta.<\/p>","protected":false},"author":1,"featured_media":0,"parent":0,"menu_order":0,"comment_status":"closed","ping_status":"closed","template":"","meta":{"_acf_changed":false,"footnotes":""},"class_list":["post-61","page","type-page","status-publish","hentry"],"acf":[],"yoast_head":"<!-- This site is optimized with the Yoast SEO plugin v25.0 - https:\/\/yoast.com\/wordpress\/plugins\/seo\/ -->\n<title>Mi cuenta - BioOne<\/title>\n<meta name=\"robots\" content=\"index, follow, max-snippet:-1, max-image-preview:large, max-video-preview:-1\" \/>\n<link rel=\"canonical\" href=\"https:\/\/bioone-eco.com\/en\/mi-cuenta\/\" \/>\n<meta property=\"og:locale\" content=\"en_GB\" \/>\n<meta property=\"og:type\" content=\"article\" \/>\n<meta property=\"og:title\" content=\"Mi cuenta - BioOne\" \/>\n<meta property=\"og:description\" content=\"Escritorio Pedidos Direcciones Detalles de la cuenta Cerrar sesi\u00f3n Hola BioOne (\u00bfno eres BioOne? Cerrar sesi\u00f3n) Desde el escritorio de tu cuenta puedes ver tus pedidos recientes, gestionar tus direcciones de env\u00edo y facturaci\u00f3n y editar tu contrase\u00f1a y los detalles de tu cuenta.\" \/>\n<meta property=\"og:url\" content=\"https:\/\/bioone-eco.com\/en\/mi-cuenta\/\" \/>\n<meta property=\"og:site_name\" content=\"BioOne\" \/>\n<meta property=\"article:modified_time\" content=\"2023-12-01T11:36:20+00:00\" \/>\n<meta name=\"twitter:card\" content=\"summary_large_image\" \/>\n<script type=\"application\/ld+json\" class=\"yoast-schema-graph\">{\"@context\":\"https:\/\/schema.org\",\"@graph\":[{\"@type\":\"WebPage\",\"@id\":\"https:\/\/bioone-eco.com\/mi-cuenta\/\",\"url\":\"https:\/\/bioone-eco.com\/mi-cuenta\/\",\"name\":\"Mi cuenta - BioOne\",\"isPartOf\":{\"@id\":\"https:\/\/bioone-eco.com\/#website\"},\"datePublished\":\"2023-05-11T11:41:14+00:00\",\"dateModified\":\"2023-12-01T11:36:20+00:00\",\"breadcrumb\":{\"@id\":\"https:\/\/bioone-eco.com\/mi-cuenta\/#breadcrumb\"},\"inLanguage\":\"en-GB\",\"potentialAction\":[{\"@type\":\"ReadAction\",\"target\":[\"https:\/\/bioone-eco.com\/mi-cuenta\/\"]}]},{\"@type\":\"BreadcrumbList\",\"@id\":\"https:\/\/bioone-eco.com\/mi-cuenta\/#breadcrumb\",\"itemListElement\":[{\"@type\":\"ListItem\",\"position\":1,\"name\":\"Portada\",\"item\":\"https:\/\/bioone-eco.com\/\"},{\"@type\":\"ListItem\",\"position\":2,\"name\":\"Mi cuenta\"}]},{\"@type\":\"WebSite\",\"@id\":\"https:\/\/bioone-eco.com\/#website\",\"url\":\"https:\/\/bioone-eco.com\/\",\"name\":\"BioOne\",\"description\":\"Un Lavavajillas que cuida de ti y del medio ambiente\",\"publisher\":{\"@id\":\"https:\/\/bioone-eco.com\/#organization\"},\"potentialAction\":[{\"@type\":\"SearchAction\",\"target\":{\"@type\":\"EntryPoint\",\"urlTemplate\":\"https:\/\/bioone-eco.com\/?s={search_term_string}\"},\"query-input\":{\"@type\":\"PropertyValueSpecification\",\"valueRequired\":true,\"valueName\":\"search_term_string\"}}],\"inLanguage\":\"en-GB\"},{\"@type\":\"Organization\",\"@id\":\"https:\/\/bioone-eco.com\/#organization\",\"name\":\"BioOne\",\"url\":\"https:\/\/bioone-eco.com\/\",\"logo\":{\"@type\":\"ImageObject\",\"inLanguage\":\"en-GB\",\"@id\":\"https:\/\/bioone-eco.com\/#\/schema\/logo\/image\/\",\"url\":\"https:\/\/bioone-eco.com\/wp-content\/uploads\/2022\/05\/LOGO-CON-PALABRA-LAVAVAJILLAS.png\",\"contentUrl\":\"https:\/\/bioone-eco.com\/wp-content\/uploads\/2022\/05\/LOGO-CON-PALABRA-LAVAVAJILLAS.png\",\"width\":2833,\"height\":1024,\"caption\":\"BioOne\"},\"image\":{\"@id\":\"https:\/\/bioone-eco.com\/#\/schema\/logo\/image\/\"}}]}<\/script>\n<!-- \/ Yoast SEO plugin. -->","yoast_head_json":{"title":"Mi cuenta - BioOne","robots":{"index":"index","follow":"follow","max-snippet":"max-snippet:-1","max-image-preview":"max-image-preview:large","max-video-preview":"max-video-preview:-1"},"canonical":"https:\/\/bioone-eco.com\/en\/mi-cuenta\/","og_locale":"en_GB","og_type":"article","og_title":"Mi cuenta - BioOne","og_description":"Escritorio Pedidos Direcciones Detalles de la cuenta Cerrar sesi\u00f3n Hola BioOne (\u00bfno eres BioOne? Cerrar sesi\u00f3n) Desde el escritorio de tu cuenta puedes ver tus pedidos recientes, gestionar tus direcciones de env\u00edo y facturaci\u00f3n y editar tu contrase\u00f1a y los detalles de tu cuenta.","og_url":"https:\/\/bioone-eco.com\/en\/mi-cuenta\/","og_site_name":"BioOne","article_modified_time":"2023-12-01T11:36:20+00:00","twitter_card":"summary_large_image","schema":{"@context":"https:\/\/schema.org","@graph":[{"@type":"WebPage","@id":"https:\/\/bioone-eco.com\/mi-cuenta\/","url":"https:\/\/bioone-eco.com\/mi-cuenta\/","name":"Mi cuenta - BioOne","isPartOf":{"@id":"https:\/\/bioone-eco.com\/#website"},"datePublished":"2023-05-11T11:41:14+00:00","dateModified":"2023-12-01T11:36:20+00:00","breadcrumb":{"@id":"https:\/\/bioone-eco.com\/mi-cuenta\/#breadcrumb"},"inLanguage":"en-GB","potentialAction":[{"@type":"ReadAction","target":["https:\/\/bioone-eco.com\/mi-cuenta\/"]}]},{"@type":"BreadcrumbList","@id":"https:\/\/bioone-eco.com\/mi-cuenta\/#breadcrumb","itemListElement":[{"@type":"ListItem","position":1,"name":"Portada","item":"https:\/\/bioone-eco.com\/"},{"@type":"ListItem","position":2,"name":"Mi cuenta"}]},{"@type":"WebSite","@id":"https:\/\/bioone-eco.com\/#website","url":"https:\/\/bioone-eco.com\/","name":"BioOne","description":"Un Lavavajillas que cuida de ti y del medio ambiente","publisher":{"@id":"https:\/\/bioone-eco.com\/#organization"},"potentialAction":[{"@type":"SearchAction","target":{"@type":"EntryPoint","urlTemplate":"https:\/\/bioone-eco.com\/?s={search_term_string}"},"query-input":{"@type":"PropertyValueSpecification","valueRequired":true,"valueName":"search_term_string"}}],"inLanguage":"en-GB"},{"@type":"Organization","@id":"https:\/\/bioone-eco.com\/#organization","name":"BioOne","url":"https:\/\/bioone-eco.com\/","logo":{"@type":"ImageObject","inLanguage":"en-GB","@id":"https:\/\/bioone-eco.com\/#\/schema\/logo\/image\/","url":"https:\/\/bioone-eco.com\/wp-content\/uploads\/2022\/05\/LOGO-CON-PALABRA-LAVAVAJILLAS.png","contentUrl":"https:\/\/bioone-eco.com\/wp-content\/uploads\/2022\/05\/LOGO-CON-PALABRA-LAVAVAJILLAS.png","width":2833,"height":1024,"caption":"BioOne"},"image":{"@id":"https:\/\/bioone-eco.com\/#\/schema\/logo\/image\/"}}]}},"_links":{"self":[{"href":"https:\/\/bioone-eco.com\/en\/wp-json\/wp\/v2\/pages\/61","targetHints":{"allow":["GET"]}}],"collection":[{"href":"https:\/\/bioone-eco.com\/en\/wp-json\/wp\/v2\/pages"}],"about":[{"href":"https:\/\/bioone-eco.com\/en\/wp-json\/wp\/v2\/types\/page"}],"author":[{"embeddable":true,"href":"https:\/\/bioone-eco.com\/en\/wp-json\/wp\/v2\/users\/1"}],"replies":[{"embeddable":true,"href":"https:\/\/bioone-eco.com\/en\/wp-json\/wp\/v2\/comments?post=61"}],"version-history":[{"count":0,"href":"https:\/\/bioone-eco.com\/en\/wp-json\/wp\/v2\/pages\/61\/revisions"}],"wp:attachment":[{"href":"https:\/\/bioone-eco.com\/en\/wp-json\/wp\/v2\/media?parent=61"}],"curies":[{"name":"wp","href":"https:\/\/api.w.org\/{rel}","templated":true}]}}