{"id":241,"date":"2023-05-31T17:48:20","date_gmt":"2023-05-31T17:48:20","guid":{"rendered":"https:\/\/bioone-eco.com\/?page_id=241"},"modified":"2023-06-07T21:00:53","modified_gmt":"2023-06-07T21:00:53","slug":"nosotros","status":"publish","type":"page","link":"https:\/\/bioone-eco.com\/en\/nosotros\/","title":{"rendered":"Nosotros"},"content":{"rendered":"<div data-elementor-type=\"wp-page\" data-elementor-id=\"241\" class=\"elementor elementor-241\" data-elementor-post-type=\"page\">\n\t\t\t\t<div class=\"elementor-element elementor-element-ea04468 e-flex e-con-boxed e-con e-parent\" data-id=\"ea04468\" data-element_type=\"container\" data-e-type=\"container\" data-settings=\"{&quot;background_background&quot;:&quot;classic&quot;}\">\n\t\t\t\t\t<div class=\"e-con-inner\">\n\t\t\t\t<div class=\"elementor-element elementor-element-c51fce5 elementor-widget__width-initial elementor-widget elementor-widget-theme-site-logo elementor-widget-image\" data-id=\"c51fce5\" data-element_type=\"widget\" data-e-type=\"widget\" data-widget_type=\"theme-site-logo.default\">\n\t\t\t\t<div class=\"elementor-widget-container\">\n\t\t\t\t\t\t\t\t\t\t\t<a href=\"https:\/\/bioone-eco.com\/en\">\n\t\t\t<img fetchpriority=\"high\" decoding=\"async\" width=\"2833\" height=\"1024\" src=\"https:\/\/bioone-eco.com\/wp-content\/uploads\/2022\/05\/LOGO-CON-PALABRA-LAVAVAJILLAS.png\" class=\"attachment-full size-full wp-image-82\" alt=\"\" srcset=\"https:\/\/bioone-eco.com\/wp-content\/uploads\/2022\/05\/LOGO-CON-PALABRA-LAVAVAJILLAS.png 2833w, https:\/\/bioone-eco.com\/wp-content\/uploads\/2022\/05\/LOGO-CON-PALABRA-LAVAVAJILLAS-768x278.png 768w\" sizes=\"(max-width: 2833px) 100vw, 2833px\" \/>\t\t\t\t<\/a>\n\t\t\t\t\t\t\t\t\t\t\t<\/div>\n\t\t\t\t<\/div>\n\t\t\t\t<div class=\"elementor-element elementor-element-9ee4678 elementor-widget__width-initial elementor-widget elementor-widget-text-editor\" data-id=\"9ee4678\" data-element_type=\"widget\" data-e-type=\"widget\" data-widget_type=\"text-editor.default\">\n\t\t\t\t<div class=\"elementor-widget-container\">\n\t\t\t\t\t\t\t\t\t<p>In 2019 it was born from the idea of betting on a green and better world.<br \/>Did you know that 50% of water pollution comes from our homes? And one of the activities that has the greatest impact on this pollution is washing kitchen utensils...<br \/><br \/>With this concern and the environment in mind, we have created our BIO ONE soap, a healthy, sustainable, effective and high-performance foam dishwashing soap.<br \/><br \/>Made with natural and biodegradable ingredients, extracted from corn and coconut oil, with pleasant and delicate aromas that effectively clean and degrease, taking special care of the hands.<br \/><br \/>Committed to eco-innovation and circular economy, our product combines several elements that make it integrally environmentally friendly, not only for its content, but also for its packaging.<br \/><br \/>Due to its soft and delicate formula, it is very easy to rinse, allowing, in addition to the above mentioned benefits, a considerable saving in water consumption when washing dishes and other utensils.<\/p>\t\t\t\t\t\t\t\t<\/div>\n\t\t\t\t<\/div>\n\t\t\t\t\t<\/div>\n\t\t\t\t<\/div>\n\t\t\t\t<\/div>","protected":false},"excerpt":{"rendered":"<p>En el a\u00f1o 2019 nace de la idea de apostar por un mundo verde y mejor.\u00bfSabias que el 50% de la contaminaci\u00f3n de las aguas proviene de nuestros hogares? Y que una de las actividades que m\u00e1s impacto produce en esta contaminaci\u00f3n es lavar los utensilios de la cocina\u2026. Pensando en esa inquietud y en [&hellip;]<\/p>\n","protected":false},"author":1,"featured_media":0,"parent":0,"menu_order":0,"comment_status":"closed","ping_status":"closed","template":"","meta":{"_acf_changed":false,"footnotes":""},"class_list":["post-241","page","type-page","status-publish","hentry"],"acf":[],"yoast_head":"<!-- This site is optimized with the Yoast SEO plugin v25.0 - https:\/\/yoast.com\/wordpress\/plugins\/seo\/ -->\n<title>Nosotros - BioOne<\/title>\n<meta name=\"robots\" content=\"index, follow, max-snippet:-1, max-image-preview:large, max-video-preview:-1\" \/>\n<link rel=\"canonical\" href=\"https:\/\/bioone-eco.com\/en\/nosotros\/\" \/>\n<meta property=\"og:locale\" content=\"en_GB\" \/>\n<meta property=\"og:type\" content=\"article\" \/>\n<meta property=\"og:title\" content=\"Nosotros - BioOne\" \/>\n<meta property=\"og:description\" content=\"En el a\u00f1o 2019 nace de la idea de apostar por un mundo verde y mejor.\u00bfSabias que el 50% de la contaminaci\u00f3n de las aguas proviene de nuestros hogares? Y que una de las actividades que m\u00e1s impacto produce en esta contaminaci\u00f3n es lavar los utensilios de la cocina\u2026. Pensando en esa inquietud y en [&hellip;]\" \/>\n<meta property=\"og:url\" content=\"https:\/\/bioone-eco.com\/en\/nosotros\/\" \/>\n<meta property=\"og:site_name\" content=\"BioOne\" \/>\n<meta property=\"article:modified_time\" content=\"2023-06-07T21:00:53+00:00\" \/>\n<meta name=\"twitter:card\" content=\"summary_large_image\" \/>\n<meta name=\"twitter:label1\" content=\"Estimated reading time\" \/>\n\t<meta name=\"twitter:data1\" content=\"1 minute\" \/>\n<script type=\"application\/ld+json\" class=\"yoast-schema-graph\">{\"@context\":\"https:\/\/schema.org\",\"@graph\":[{\"@type\":\"WebPage\",\"@id\":\"https:\/\/bioone-eco.com\/nosotros\/\",\"url\":\"https:\/\/bioone-eco.com\/nosotros\/\",\"name\":\"Nosotros - BioOne\",\"isPartOf\":{\"@id\":\"https:\/\/bioone-eco.com\/#website\"},\"datePublished\":\"2023-05-31T17:48:20+00:00\",\"dateModified\":\"2023-06-07T21:00:53+00:00\",\"breadcrumb\":{\"@id\":\"https:\/\/bioone-eco.com\/nosotros\/#breadcrumb\"},\"inLanguage\":\"en-GB\",\"potentialAction\":[{\"@type\":\"ReadAction\",\"target\":[\"https:\/\/bioone-eco.com\/nosotros\/\"]}]},{\"@type\":\"BreadcrumbList\",\"@id\":\"https:\/\/bioone-eco.com\/nosotros\/#breadcrumb\",\"itemListElement\":[{\"@type\":\"ListItem\",\"position\":1,\"name\":\"Portada\",\"item\":\"https:\/\/bioone-eco.com\/\"},{\"@type\":\"ListItem\",\"position\":2,\"name\":\"Nosotros\"}]},{\"@type\":\"WebSite\",\"@id\":\"https:\/\/bioone-eco.com\/#website\",\"url\":\"https:\/\/bioone-eco.com\/\",\"name\":\"BioOne\",\"description\":\"Un Lavavajillas que cuida de ti y del medio ambiente\",\"publisher\":{\"@id\":\"https:\/\/bioone-eco.com\/#organization\"},\"potentialAction\":[{\"@type\":\"SearchAction\",\"target\":{\"@type\":\"EntryPoint\",\"urlTemplate\":\"https:\/\/bioone-eco.com\/?s={search_term_string}\"},\"query-input\":{\"@type\":\"PropertyValueSpecification\",\"valueRequired\":true,\"valueName\":\"search_term_string\"}}],\"inLanguage\":\"en-GB\"},{\"@type\":\"Organization\",\"@id\":\"https:\/\/bioone-eco.com\/#organization\",\"name\":\"BioOne\",\"url\":\"https:\/\/bioone-eco.com\/\",\"logo\":{\"@type\":\"ImageObject\",\"inLanguage\":\"en-GB\",\"@id\":\"https:\/\/bioone-eco.com\/#\/schema\/logo\/image\/\",\"url\":\"https:\/\/bioone-eco.com\/wp-content\/uploads\/2022\/05\/LOGO-CON-PALABRA-LAVAVAJILLAS.png\",\"contentUrl\":\"https:\/\/bioone-eco.com\/wp-content\/uploads\/2022\/05\/LOGO-CON-PALABRA-LAVAVAJILLAS.png\",\"width\":2833,\"height\":1024,\"caption\":\"BioOne\"},\"image\":{\"@id\":\"https:\/\/bioone-eco.com\/#\/schema\/logo\/image\/\"}}]}<\/script>\n<!-- \/ Yoast SEO plugin. -->","yoast_head_json":{"title":"Nosotros - BioOne","robots":{"index":"index","follow":"follow","max-snippet":"max-snippet:-1","max-image-preview":"max-image-preview:large","max-video-preview":"max-video-preview:-1"},"canonical":"https:\/\/bioone-eco.com\/en\/nosotros\/","og_locale":"en_GB","og_type":"article","og_title":"Nosotros - BioOne","og_description":"En el a\u00f1o 2019 nace de la idea de apostar por un mundo verde y mejor.\u00bfSabias que el 50% de la contaminaci\u00f3n de las aguas proviene de nuestros hogares? Y que una de las actividades que m\u00e1s impacto produce en esta contaminaci\u00f3n es lavar los utensilios de la cocina\u2026. Pensando en esa inquietud y en [&hellip;]","og_url":"https:\/\/bioone-eco.com\/en\/nosotros\/","og_site_name":"BioOne","article_modified_time":"2023-06-07T21:00:53+00:00","twitter_card":"summary_large_image","twitter_misc":{"Estimated reading time":"1 minute"},"schema":{"@context":"https:\/\/schema.org","@graph":[{"@type":"WebPage","@id":"https:\/\/bioone-eco.com\/nosotros\/","url":"https:\/\/bioone-eco.com\/nosotros\/","name":"Nosotros - BioOne","isPartOf":{"@id":"https:\/\/bioone-eco.com\/#website"},"datePublished":"2023-05-31T17:48:20+00:00","dateModified":"2023-06-07T21:00:53+00:00","breadcrumb":{"@id":"https:\/\/bioone-eco.com\/nosotros\/#breadcrumb"},"inLanguage":"en-GB","potentialAction":[{"@type":"ReadAction","target":["https:\/\/bioone-eco.com\/nosotros\/"]}]},{"@type":"BreadcrumbList","@id":"https:\/\/bioone-eco.com\/nosotros\/#breadcrumb","itemListElement":[{"@type":"ListItem","position":1,"name":"Portada","item":"https:\/\/bioone-eco.com\/"},{"@type":"ListItem","position":2,"name":"Nosotros"}]},{"@type":"WebSite","@id":"https:\/\/bioone-eco.com\/#website","url":"https:\/\/bioone-eco.com\/","name":"BioOne","description":"Un Lavavajillas que cuida de ti y del medio ambiente","publisher":{"@id":"https:\/\/bioone-eco.com\/#organization"},"potentialAction":[{"@type":"SearchAction","target":{"@type":"EntryPoint","urlTemplate":"https:\/\/bioone-eco.com\/?s={search_term_string}"},"query-input":{"@type":"PropertyValueSpecification","valueRequired":true,"valueName":"search_term_string"}}],"inLanguage":"en-GB"},{"@type":"Organization","@id":"https:\/\/bioone-eco.com\/#organization","name":"BioOne","url":"https:\/\/bioone-eco.com\/","logo":{"@type":"ImageObject","inLanguage":"en-GB","@id":"https:\/\/bioone-eco.com\/#\/schema\/logo\/image\/","url":"https:\/\/bioone-eco.com\/wp-content\/uploads\/2022\/05\/LOGO-CON-PALABRA-LAVAVAJILLAS.png","contentUrl":"https:\/\/bioone-eco.com\/wp-content\/uploads\/2022\/05\/LOGO-CON-PALABRA-LAVAVAJILLAS.png","width":2833,"height":1024,"caption":"BioOne"},"image":{"@id":"https:\/\/bioone-eco.com\/#\/schema\/logo\/image\/"}}]}},"_links":{"self":[{"href":"https:\/\/bioone-eco.com\/en\/wp-json\/wp\/v2\/pages\/241","targetHints":{"allow":["GET"]}}],"collection":[{"href":"https:\/\/bioone-eco.com\/en\/wp-json\/wp\/v2\/pages"}],"about":[{"href":"https:\/\/bioone-eco.com\/en\/wp-json\/wp\/v2\/types\/page"}],"author":[{"embeddable":true,"href":"https:\/\/bioone-eco.com\/en\/wp-json\/wp\/v2\/users\/1"}],"replies":[{"embeddable":true,"href":"https:\/\/bioone-eco.com\/en\/wp-json\/wp\/v2\/comments?post=241"}],"version-history":[{"count":0,"href":"https:\/\/bioone-eco.com\/en\/wp-json\/wp\/v2\/pages\/241\/revisions"}],"wp:attachment":[{"href":"https:\/\/bioone-eco.com\/en\/wp-json\/wp\/v2\/media?parent=241"}],"curies":[{"name":"wp","href":"https:\/\/api.w.org\/{rel}","templated":true}]}}